{"id":1014,"date":"2020-02-14T03:18:43","date_gmt":"2020-02-14T03:18:43","guid":{"rendered":"https:\/\/guglielmino.com.ar\/?page_id=1014"},"modified":"2021-06-13T03:41:41","modified_gmt":"2021-06-13T03:41:41","slug":"experience","status":"publish","type":"page","link":"https:\/\/guglielmino.com.ar\/en\/experience\/","title":{"rendered":"Experience"},"content":{"rendered":"<p>[vc_row][vc_column]\n\t\t\t<!-- START Experience REVOLUTION SLIDER 6.1.8 --><p class=\"rs-p-wp-fix\"><\/p>\n\t\t\t<rs-module-wrap id=\"rev_slider_14_1_wrapper\" data-source=\"gallery\" style=\"background:transparent;padding:0;\">\n\t\t\t\t<rs-module id=\"rev_slider_14_1\" style=\"display:none;\" data-version=\"6.1.8\">\n\t\t\t\t\t<rs-slides>\n\t\t\t\t\t\t<rs-slide data-key=\"rs-16\" data-title=\"Slide\" data-anim=\"ei:d;eo:d;s:1000;r:0;t:fade;sl:0;\">\n\t\t\t\t\t\t\t<img src=\"\/\/guglielmino.com.ar\/wp-content\/uploads\/sliderhomeguglielmino.jpg\" title=\"sliderhomeguglielmino\" width=\"1280\" height=\"877\" class=\"rev-slidebg\" data-no-retina>\n<!--\n\t\t\t\t\t\t\t--><rs-layer\n\t\t\t\t\t\t\t\tid=\"slider-14-slide-16-layer-0\" \n\t\t\t\t\t\t\t\tdata-type=\"text\"\n\t\t\t\t\t\t\t\tdata-rsp_ch=\"on\"\n\t\t\t\t\t\t\t\tdata-xy=\"xo:353px,353px,353px,40px;y:m;yo:76px,76px,76px,152px;\"\n\t\t\t\t\t\t\t\tdata-text=\"w:normal;s:10,10,10,15;l:24,24,24,16;ls:2px,2px,2px,0px;fw:300,300,300,400;\"\n\t\t\t\t\t\t\t\tdata-actions='o:click;a:scrollbelow;sp:1000ms;e:Power1.easeInOut;'\n\t\t\t\t\t\t\t\tdata-frame_999=\"o:0;st:w;\"\n\t\t\t\t\t\t\t\tstyle=\"z-index:9;font-family:Roboto;cursor:pointer;\"\n\t\t\t\t\t\t\t><i class=\"fa fa-chevron-down\" style=\"font-size:12px;\"><\/i> MORE \n\t\t\t\t\t\t\t<\/rs-layer><!--\n\n\t\t\t\t\t\t\t--><rs-layer\n\t\t\t\t\t\t\t\tid=\"slider-14-slide-16-layer-2\" \n\t\t\t\t\t\t\t\tdata-type=\"text\"\n\t\t\t\t\t\t\t\tdata-rsp_ch=\"on\"\n\t\t\t\t\t\t\t\tdata-xy=\"x:c;xo:57px,57px,57px,0;y:m;yo:-30px,-30px,-30px,0;\"\n\t\t\t\t\t\t\t\tdata-text=\"w:normal;s:35;l:45,45,45,40;fw:400,400,400,700;\"\n\t\t\t\t\t\t\t\tdata-dim=\"w:653px,653px,653px,402px;\"\n\t\t\t\t\t\t\t\tdata-frame_999=\"o:0;st:w;\"\n\t\t\t\t\t\t\t\tstyle=\"z-index:10;font-family:Playfair Display;\"\n\t\t\t\t\t\t\t>The team with widest global experience in the representation of States in international investment arbitration \n\t\t\t\t\t\t\t<\/rs-layer><!--\n-->\t\t\t\t\t\t<\/rs-slide>\n\t\t\t\t\t<\/rs-slides>\n\t\t\t\t\t<rs-progress class=\"rs-bottom\" style=\"visibility: hidden !important;\"><\/rs-progress>\n\t\t\t\t<\/rs-module>\n\t\t\t\t<script type=\"text\/javascript\">\n\t\t\t\t\tsetREVStartSize({c: 'rev_slider_14_1',rl:[1240,1240,1240,480],el:[600,600,600,520],gw:[1240,1240,1240,480],gh:[600,600,600,520],type:'hero',justify:'',layout:'fullscreen',offsetContainer:'',offset:'',mh:\"0\"});\n\t\t\t\t\tvar\trevapi14,\n\t\t\t\t\t\ttpj;\n\t\t\t\t\tjQuery(function() {\n\t\t\t\t\t\ttpj = jQuery;\n\t\t\t\t\t\tif(tpj(\"#rev_slider_14_1\").revolution == undefined){\n\t\t\t\t\t\t\trevslider_showDoubleJqueryError(\"#rev_slider_14_1\");\n\t\t\t\t\t\t}else{\n\t\t\t\t\t\t\trevapi14 = tpj(\"#rev_slider_14_1\").show().revolution({\n\t\t\t\t\t\t\t\tsliderType:\"hero\",\n\t\t\t\t\t\t\t\tjsFileLocation:\"\/\/guglielmino.com.ar\/wp-content\/plugins\/revslider\/public\/assets\/js\/\",\n\t\t\t\t\t\t\t\tsliderLayout:\"fullscreen\",\n\t\t\t\t\t\t\t\tvisibilityLevels:\"1240,1240,1240,480\",\n\t\t\t\t\t\t\t\tgridwidth:\"1240,1240,1240,480\",\n\t\t\t\t\t\t\t\tgridheight:\"600,600,600,520\",\n\t\t\t\t\t\t\t\tspinner:\"spinner0\",\n\t\t\t\t\t\t\t\teditorheight:\"600,768,960,520\",\n\t\t\t\t\t\t\t\tresponsiveLevels:\"1240,1240,1240,480\",\n\t\t\t\t\t\t\t\tdisableProgressBar:\"on\",\n\t\t\t\t\t\t\t\tnavigation: {\n\t\t\t\t\t\t\t\t\tonHoverStop:false\n\t\t\t\t\t\t\t\t},\n\t\t\t\t\t\t\t\tfallbacks: {\n\t\t\t\t\t\t\t\t\tallowHTML5AutoPlayOnAndroid:true\n\t\t\t\t\t\t\t\t},\n\t\t\t\t\t\t\t});\n\t\t\t\t\t\t}\n\t\t\t\t\t\t\n\t\t\t\t\t});\n\t\t\t\t<\/script>\n\t\t\t<\/rs-module-wrap>\n\t\t\t<!-- END REVOLUTION SLIDER -->\n[\/vc_column][\/vc_row][vc_row woodmart_bg_position=&#8221;left-top&#8221; css=&#8221;.vc_custom_1598211243487{margin-top: -500px !important;padding-bottom: 8vh !important;}&#8221; mobile_bg_img_hidden=&#8221;no&#8221; tablet_bg_img_hidden=&#8221;no&#8221; woodmart_parallax=&#8221;0&#8243; woodmart_gradient_switch=&#8221;no&#8221; row_reverse_mobile=&#8221;0&#8243; row_reverse_tablet=&#8221;0&#8243; woodmart_disable_overflow=&#8221;0&#8243;][vc_column width=&#8221;1\/6&#8243; mobile_bg_img_hidden=&#8221;no&#8221; tablet_bg_img_hidden=&#8221;no&#8221; woodmart_parallax=&#8221;0&#8243; woodmart_sticky_column=&#8221;false&#8221; parallax_scroll=&#8221;no&#8221; mobile_reset_margin=&#8221;no&#8221; tablet_reset_margin=&#8221;no&#8221;][\/vc_column][vc_column width=&#8221;2\/3&#8243; mobile_bg_img_hidden=&#8221;no&#8221; tablet_bg_img_hidden=&#8221;no&#8221; woodmart_parallax=&#8221;0&#8243; woodmart_sticky_column=&#8221;false&#8221; parallax_scroll=&#8221;no&#8221; mobile_reset_margin=&#8221;no&#8221; tablet_reset_margin=&#8221;no&#8221; el_class=&#8221;first-layer column-border-section&#8221;][vc_column_text text_larger=&#8221;no&#8221;]<\/p>\n<h2 class=\"title-blue\">Experience<\/h2>\n<p>[\/vc_column_text][vc_column_text text_larger=&#8221;no&#8221;]<\/p>\n<p style=\"text-align: justify;\">Since its creation, GDI has participated in tenths of international investment arbitrations and trade arbitrations, and in other complex international litigations and negotiations of different industries, helping its clients to achieve favorable settlements or judgements for amounts higher than USD 2,000 million, including recovery of costs.<\/p>\n<p style=\"text-align: justify;\">A selection of recent cases in which GDI has participated include the following:<\/p>\n<p style=\"text-align: justify;\">\u2022 ICSID Arbitration related to expropriation of two glass manufacturing plants representing one State. Claimed amount: USD 1.400 million.<\/p>\n<p style=\"text-align: justify;\">\u2022 ICSID Arbitration related to a business organization of the agricultural-food industry representing one State. Claimed amount: USD 2,400 million.<\/p>\n<p style=\"text-align: justify;\">\u2022 ICSID Arbitration related to a transnational company engaged in the manufacture of package materials representing one State. Claimed Amount: USD 844 million.<\/p>\n<p style=\"text-align: justify;\">\u2022 ICSID Arbitration related to a hotel and roadway development representing one State. Claimed amount: USD 360 million.<\/p>\n<p style=\"text-align: justify;\">\u2022 ICSID Arbitration related to a financial and banking company representing one State. Claimed amount: USD 180 million.<\/p>\n<p style=\"text-align: justify;\">\u2022 UNCITRAL Arbitration related to the management of retirement and pension funds representing one State. Claimed amount: More than USD 100 million.<\/p>\n<p style=\"text-align: justify;\">\u2022 ICSID Arbitration under Additional Facility related to the management of domestic retirement and pension funds representing one State. Claimed amount: USD 103 million.<\/p>\n<p style=\"text-align: justify;\">\u2022 ICSID Arbitration related to an airport building project representing one State. Claimed amount: USD 250 million.<\/p>\n<p style=\"text-align: justify;\">\u2022 ICSID Arbitration related to the expropriation of agricultural development of a plot of 300,000 hectares representing one State. Claimed amount: USD 180 million.<\/p>\n<p style=\"text-align: justify;\">\u2022 ICSID Arbitration related to a corporate business venture in the automobile industry representing one State. Claimed amount: USD 120 million.<\/p>\n<p style=\"text-align: justify;\">\u2022 ICSID Arbitration under Additional Facility related to a business venture in the telecommunications industry representing one State. Claimed amount: USD 180 million.<\/p>\n<p style=\"text-align: justify;\">\u2022 UNCITRAL Arbitration related to a food industry business venture representing one State. Claimed amount: USD 100 million.<\/p>\n<p style=\"text-align: justify;\">\u2022 UNCITRAL Arbitration related to a business venture in the cleaning products industry representing one State. Claimed amount: USD 160 million.<\/p>\n<p style=\"text-align: justify;\">\u2022 ICSID Arbitration under Additional Facility related to a telecommunications company representing one State. Claimed amount: USD 180 million.<\/p>\n<p style=\"text-align: justify;\">\u2022 Annulment Proceedings under ICSID for an award rendered in a dispute related with the expropriation of manufacturing plants representing one State. Amount of the challenged award: 472 million.<\/p>\n<p style=\"text-align: justify;\">\u2022 Annulment Proceedings under ICSID for an award rendered in a dispute related with the expropriation of two food manufacturing plants. Amount of the challenged award: USD 431 million.<\/p>\n<p style=\"text-align: justify;\">\u2022 Annulment Proceedings under ICSID for an award rendered in a dispute related to the agricultural industry representing one State. Amount of the challenged award: USD 98 million.<\/p>\n<p style=\"text-align: justify;\">\u2022 Annulment Proceedings under ICSID for an award rendered in a dispute related to the tourism industry representing one State. Amount of the challenged award: USD 1.7 million.<\/p>\n<p style=\"text-align: justify;\">\u2022 ICSID Arbitration under Additional Facility related to a business company engaged in the import of goods, representing one State. Claimed amount to be determined.<\/p>\n<p style=\"text-align: justify;\">\u2022 Trade Arbitration under UNCITRAL Rules administered by the International Chamber of Commerce representing a Latin American State and the Ministry of Defense in an international trade dispute related with a service agreement in the ship industry. Claimed amount: USD 458 million.<\/p>\n<p style=\"text-align: justify;\">\u2022 Trade Arbitration under ICC Rules related to the exploitation of oil wells representing a provincial State. Claimed amount to be determined.<\/p>\n<p style=\"text-align: justify;\">\u2022 International Trade Arbitration under the Rules of the London Court of International Arbitration (LCIA) related with the sea carriage of oil representing a state company. Claimed amount: USD 2.6 million.<\/p>\n<p style=\"text-align: justify;\">\u2022 Representation of an oil company in transnational litigation proceedings including public law, corporate law and environmental law.<\/p>\n<p style=\"text-align: justify;\">\u2022 Advisory services provided to companies in the execution of settlement agreements of disputes arising from import and exports of goods by sea.<\/p>\n<p style=\"text-align: justify;\">\u2022 Advisory services provided to an oil company in international court and arbitration disputes with other companies of the same industry.<\/p>\n<p style=\"text-align: justify;\">\u2022 Advisory services to States in the execution of free trade agreements, investment bilateral agreements, model bilateral investment agreements, regional and international mechanisms for the settlement of disputes, organization of government offices with preventive mechanisms for the settlement of international investment disputes and other matters.<\/p>\n<p>[\/vc_column_text][\/vc_column][vc_column width=&#8221;1\/6&#8243; mobile_bg_img_hidden=&#8221;no&#8221; tablet_bg_img_hidden=&#8221;no&#8221; woodmart_parallax=&#8221;0&#8243; woodmart_sticky_column=&#8221;false&#8221; parallax_scroll=&#8221;no&#8221; mobile_reset_margin=&#8221;no&#8221; tablet_reset_margin=&#8221;no&#8221;][\/vc_column][\/vc_row][vc_row disable_element=&#8221;yes&#8221; css=&#8221;.vc_custom_1604675640194{margin-bottom: 8vh !important;}&#8221; mobile_bg_img_hidden=&#8221;no&#8221; tablet_bg_img_hidden=&#8221;no&#8221; woodmart_parallax=&#8221;0&#8243; woodmart_gradient_switch=&#8221;no&#8221; row_reverse_mobile=&#8221;0&#8243; row_reverse_tablet=&#8221;0&#8243; woodmart_disable_overflow=&#8221;0&#8243;][vc_column width=&#8221;1\/6&#8243; mobile_bg_img_hidden=&#8221;no&#8221; tablet_bg_img_hidden=&#8221;no&#8221; woodmart_parallax=&#8221;0&#8243; woodmart_sticky_column=&#8221;false&#8221; parallax_scroll=&#8221;no&#8221; mobile_reset_margin=&#8221;no&#8221; tablet_reset_margin=&#8221;no&#8221;][\/vc_column][vc_column width=&#8221;2\/3&#8243; mobile_bg_img_hidden=&#8221;no&#8221; tablet_bg_img_hidden=&#8221;no&#8221; woodmart_parallax=&#8221;0&#8243; woodmart_sticky_column=&#8221;false&#8221; parallax_scroll=&#8221;no&#8221; mobile_reset_margin=&#8221;no&#8221; tablet_reset_margin=&#8221;no&#8221;][vc_toggle title=&#8221;Arbitraje internacional bajo reglas CIADI&#8221; style=&#8221;arrow&#8221; color=&#8221;chino&#8221;]Relativo a la expropiaci\u00f3n de dos plantas manufactureras de vidrio, en representaci\u00f3n de un Estado.<br \/>\nMonto reclamado: USD 1,4 mil millones.<\/p>\n<p>Relativo a un emprendimiento en la industria agro-alimentaria, en representaci\u00f3n de un Estado.<br \/>\nMonto reclamado: USD 2,4 mil millones.<\/p>\n<p>Relativo a una compa\u00f1\u00eda trasnacional dedicada a la producci\u00f3n de material de embalaje, en representaci\u00f3n de un Estado.<br \/>\nMonto reclamado: USD 844 millones.<\/p>\n<p>Relativo a un desarrollo hotelero y vial, en representaci\u00f3n de un Estado.<br \/>\nMonto reclamado: USD 360 millones.<\/p>\n<p>Relativo a una compa\u00f1\u00eda que opera en el sector financiero y bancario, en representaci\u00f3n de un Estado.<br \/>\nMonto reclamado: USD 180 millones.<\/p>\n<p>Relativo a la construcci\u00f3n de un aeropuerto, en representaci\u00f3n de un Estado.<br \/>\nMonto reclamado: USD 250 millones.<\/p>\n<p>Relativo a la expropiaci\u00f3n de una explotaci\u00f3n agropecuaria de 300.000 has., en representaci\u00f3n de un Estado.<br \/>\nMonto reclamado: USD 180 millones.<\/p>\n<p>Relativo a un emprendimiento corporativo en el sector automotor, en representaci\u00f3n de un Estado.<br \/>\nMonto reclamado: USD 120 millones.[\/vc_toggle][vc_toggle title=&#8221;Arbitraje internacional bajo reglas UNICTRAL&#8221; style=&#8221;arrow&#8221;]Relativo a un emprendimiento en el sector alimentario, en representaci\u00f3n de un Estado.<br \/>\nMonto reclamado: USD 100 millones.<\/p>\n<p>Relativo a un emprendimiento en el sector de los productos de limpieza, en representaci\u00f3n de un Estado.<br \/>\nMonto reclamado: USD 160 millones.<\/p>\n<p>Administrado por la C\u00e1mara de Comercio Internacional, representando a un Estado Latinoamericano y a su Ministerio de Defensa en una disputa internacional comercial relativa a un contrato de servicios en la industria naviera.<br \/>\nMonto del reclamo: USD 458 millones. [\/vc_toggle][vc_toggle title=&#8221;Procedimiento de anulaci\u00f3n bajo el Convenio CIADI&#8221; style=&#8221;arrow&#8221;]De un laudo dictado en una disputa relativa a la expropiaci\u00f3n de plantas manufactureras, en representaci\u00f3n de un Estado.<br \/>\nMonto de la condena impugnada: USD 472 millones.<\/p>\n<p>De un laudo dictado en una disputa relativa a la expropiaci\u00f3n de dos compa\u00f1\u00edas productoras de alimentos.<br \/>\nMonto de la condena impugnada: USD 431 millones.<\/p>\n<p>De un laudo dictado en una disputa relativa al sector agropecuario, en representaci\u00f3n de un Estado.<br \/>\nMonto de la condena impugnada: USD 98 millones.<\/p>\n<p>De un laudo dictado en una disputa relativa al sector tur\u00edstico, en representaci\u00f3n de un Estado.<br \/>\nMonto de la condena impugnada: USD 1,7 millones.<br \/>\n[\/vc_toggle][vc_toggle title=&#8221;Arbitraje internacional bajo reglas del Mecanismo Complementario del CIADI&#8221; style=&#8221;arrow&#8221;]Relativo a la administraci\u00f3n de los fondos nacionales de jubilaciones y pensiones, en representaci\u00f3n de un Estado.<br \/>\nMonto reclamado: USD 103 millones.<\/p>\n<p>Relativo a un emprendimiento en el sector de las telecomunicaciones, en representaci\u00f3n de un Estado.<br \/>\nMonto reclamado: USD 180 millones.<\/p>\n<p>Relativo a una compa\u00f1\u00eda de telecomunicaciones, en representaci\u00f3n de un Estado.<br \/>\nMonto reclamado: USD 180 millones.<\/p>\n<p>Relativo un emprendimiento de importaci\u00f3n de bienes, en representaci\u00f3n de un Estado.<br \/>\nEl monto del reclamo est\u00e1 pendiente de determinaci\u00f3n.[\/vc_toggle][vc_toggle title=&#8221;Arbitraje comercial internacional bajo reglas de la London Court of international Arbitration (LCIA)&#8221; style=&#8221;arrow&#8221;]Relativo al transporte mar\u00edtimo de petr\u00f3leo, en representaci\u00f3n de una compa\u00f1\u00eda estatal.<br \/>\nMonto del reclamo: USD 2,6 millones.[\/vc_toggle][vc_toggle title=&#8221;Asesoramiento a Estados en materia de confecci\u00f3n de tratados de libre comercio&#8221; style=&#8221;arrow&#8221;]Suscripci\u00f3n de acuerdos bilaterales de inversi\u00f3n, tratados bilaterales de inversi\u00f3n modelo, mecanismos regionales e internacionales de soluci\u00f3n de controversias, organizaci\u00f3n de oficinas estatales con mecanismos preventivos de disputas internacionales de inversi\u00f3n, entre otras tem\u00e1ticas.[\/vc_toggle][vc_toggle title=&#8221;Asesoramiento a empresas en la celebraci\u00f3n de acuerdos transaccionales en disputas derivadas de la exportaci\u00f3n e importaci\u00f3n de bienes por v\u00eda naval.&#8221; style=&#8221;arrow&#8221;][\/vc_toggle][\/vc_column][vc_column width=&#8221;1\/6&#8243; mobile_bg_img_hidden=&#8221;no&#8221; tablet_bg_img_hidden=&#8221;no&#8221; woodmart_parallax=&#8221;0&#8243; woodmart_sticky_column=&#8221;false&#8221; parallax_scroll=&#8221;no&#8221; mobile_reset_margin=&#8221;no&#8221; tablet_reset_margin=&#8221;no&#8221;][\/vc_column][\/vc_row]<\/p>\n","protected":false},"excerpt":{"rendered":"<p>[vc_row][vc_column][\/vc_column][\/vc_row][vc_row woodmart_bg_position=&#8221;left-top&#8221; css=&#8221;.vc_custom_1598211243487{margin-top: -500px !important;padding-bottom: 8vh !important;}&#8221; mobile_bg_img_hidden=&#8221;no&#8221; tablet_bg_img_hidden=&#8221;no&#8221; woodmart_parallax=&#8221;0&#8243; woodmart_gradient_switch=&#8221;no&#8221; row_reverse_mobile=&#8221;0&#8243; row_reverse_tablet=&#8221;0&#8243; woodmart_disable_overflow=&#8221;0&#8243;][vc_column width=&#8221;1\/6&#8243; mobile_bg_img_hidden=&#8221;no&#8221; tablet_bg_img_hidden=&#8221;no&#8221; woodmart_parallax=&#8221;0&#8243; woodmart_sticky_column=&#8221;false&#8221; parallax_scroll=&#8221;no&#8221;<\/p>\n","protected":false},"author":3,"featured_media":0,"parent":0,"menu_order":0,"comment_status":"closed","ping_status":"closed","template":"","meta":[],"_links":{"self":[{"href":"https:\/\/guglielmino.com.ar\/en\/wp-json\/wp\/v2\/pages\/1014"}],"collection":[{"href":"https:\/\/guglielmino.com.ar\/en\/wp-json\/wp\/v2\/pages"}],"about":[{"href":"https:\/\/guglielmino.com.ar\/en\/wp-json\/wp\/v2\/types\/page"}],"author":[{"embeddable":true,"href":"https:\/\/guglielmino.com.ar\/en\/wp-json\/wp\/v2\/users\/3"}],"replies":[{"embeddable":true,"href":"https:\/\/guglielmino.com.ar\/en\/wp-json\/wp\/v2\/comments?post=1014"}],"version-history":[{"count":0,"href":"https:\/\/guglielmino.com.ar\/en\/wp-json\/wp\/v2\/pages\/1014\/revisions"}],"wp:attachment":[{"href":"https:\/\/guglielmino.com.ar\/en\/wp-json\/wp\/v2\/media?parent=1014"}],"curies":[{"name":"wp","href":"https:\/\/api.w.org\/{rel}","templated":true}]}}